{"id":4668,"date":"2018-03-26T15:36:58","date_gmt":"2018-03-26T13:36:58","guid":{"rendered":"https:\/\/cannabisclub.systems\/?page_id=4668"},"modified":"2023-03-28T07:43:50","modified_gmt":"2023-03-28T05:43:50","slug":"mentions-legales","status":"publish","type":"page","link":"https:\/\/cannabisclub.systems\/fr\/mentions-legales\/","title":{"rendered":"Mentions l\u00e9gales"},"content":{"rendered":"\n\t<section class=\"section dark\" id=\"section_1447871821\">\n\t\t<div class=\"section-bg fill\" >\n\t\t\t\t\t\t\t\t\t\n\t\t\t\n\n\t\t<\/div>\n\n\t\t\n\n\t\t<div class=\"section-content relative\">\n\t\t\t\n<div class=\"row\"  id=\"row-64574157\">\n\n\t<div id=\"col-1125068949\" class=\"col small-12 large-12\"  >\n\t\t\t\t<div class=\"col-inner\"  >\n\t\t\t\n\t\t\t\n\t<div id=\"text-1809265539\" class=\"text\">\n\t\t\n<h1 class=\"alt-font\">AVERTISSEMENT JURIDIQUE<\/h1>\n\t\t\n<style>\n#text-1809265539 {\n  font-size: 2rem;\n}\n<\/style>\n\t<\/div>\n\t\n\t\t<\/div>\n\t\t\t\t\t<\/div>\n\n\t\n\n\t<div id=\"col-667517775\" class=\"col small-12 large-12\"  >\n\t\t\t\t<div class=\"col-inner\"  >\n\t\t\t\n\t\t\t\n<h4><b>Donn\u00e9es d&rsquo;identification<\/b><\/h4>\n<p>Vous visitez le site Web https:\/\/cannabisclub.systems\/ appartenant \u00e0 Nefos Solutions Ltd, avec si\u00e8ge social au 20 Harcourt St, Saint Kevin&rsquo;s, Dublin 2, D02 PF99, Irlande, avec le num\u00e9ro d&rsquo;identification fiscale IE3420485BH, immatricul\u00e9e au registre des soci\u00e9t\u00e9s irlandais sous le num\u00e9ro 575093 (qui dans ce document est appel\u00e9 &lt;&lt;the Headline&gt;&gt;).<\/p>\n<p>L&rsquo;activit\u00e9 n&rsquo;est soumise \u00e0 aucun r\u00e9gime d&rsquo;autorisation administrative pr\u00e9alable. Vous pouvez contacter LE TITULAIRE par l&rsquo;un des moyens suivants :<\/p>\n<ul>\n<li>Courriel de contact : info@nefosolutions.com<\/li>\n<li>h\u00e9bergement Web<\/li>\n<li>Nefos Solutions Ltd.<\/li>\n<li>20 Harcourt St, Saint Kevin&rsquo;s, Dublin 2, D02 PF99, Irlande<\/li>\n<li>Courriel de contact : info@nefosolutions.com<\/li>\n<\/ul>\n<h4><b>Utilisateurs<\/b><\/h4>\n<p>Les pr\u00e9sentes conditions (ci-apr\u00e8s Mentions L\u00e9gales) visent \u00e0 r\u00e9glementer l&rsquo;utilisation du site EL HOLDER qui met \u00e0 la disposition du public.<\/p>\n<p>L&rsquo;acc\u00e8s et\/ou l&rsquo;utilisation de cette page Web du TITULAIRE attribue la condition d&rsquo;UTILISATEUR, qui accepte, \u00e0 partir dudit acc\u00e8s et\/ou utilisation, les conditions g\u00e9n\u00e9rales d&rsquo;utilisation refl\u00e9t\u00e9es ici. Ces conditions seront d&rsquo;application quelles que soient les conditions g\u00e9n\u00e9rales contractuelles pouvant r\u00e9sulter d&rsquo;un respect obligatoire.<\/p>\n<h4><b>Utilisation du portail<\/b><\/h4>\n<p>https:\/\/cannabisclub.systems\/ donne acc\u00e8s \u00e0 une multitude d&rsquo;informations, de services, de programmes ou de donn\u00e9es (ci-apr\u00e8s, \u00ab\u00a0le contenu\u00a0\u00bb) sur Internet appartenant au TITULAIRE ou \u00e0 ses conc\u00e9dants auxquels l&rsquo;UTILISATEUR peut acc\u00e9der.<\/p>\n<p>L&rsquo;UTILISATEUR assume la responsabilit\u00e9 de l&rsquo;utilisation du site Web de CannabisClubSystems. Cette responsabilit\u00e9 s&rsquo;\u00e9tend \u00e0 l&rsquo;enregistrement n\u00e9cessaire pour acc\u00e9der \u00e0 certains services ou contenus. Lors de cette inscription, l&rsquo;UTILISATEUR sera responsable de fournir des informations r\u00e9elles et licites. \u00c0 la suite de cet enregistrement, l&rsquo;UTILISATEUR peut se voir attribuer un mot de passe dont il sera responsable, s&rsquo;engageant \u00e0 en faire un usage diligent et confidentiel.<\/p>\n<p>L&rsquo;UTILISATEUR s&rsquo;engage \u00e0 faire un usage appropri\u00e9 des contenus et services (par exemple, services de chat, forums de discussion ou groupes de discussion) que LE TITULAIRE propose via son site CannabisClubSystems et (y compris, mais sans s&rsquo;y limiter), \u00e0 ne pas les utiliser pour\u00a0:<\/p>\n<ul>\n<li>Mener des activit\u00e9s illicites, ill\u00e9gales ou contraires \u00e0 la bonne foi et \u00e0 l&rsquo;ordre public.<\/li>\n<li>Diffuser des contenus ou de la propagande \u00e0 caract\u00e8re raciste, x\u00e9nophobe, pornographique-ill\u00e9gal, en soutien au terrorisme ou \u00e0 la violation des droits de l&rsquo;homme.<\/li>\n<li>Causer des dommages aux syst\u00e8mes physiques et logiques du TITULAIRE, de ses fournisseurs ou de tiers, introduire ou propager des virus informatiques ou tout autre physique ou logique susceptible de causer les dommages susmentionn\u00e9s.<\/li>\n<li>Essayez d&rsquo;acc\u00e9der et, le cas \u00e9ch\u00e9ant, d&rsquo;utiliser les comptes de messagerie d&rsquo;autres utilisateurs et modifiez ou manipulez vos messages.<\/li>\n<li>Utiliser le site ou les informations qu&rsquo;il contient \u00e0 des fins commerciales, politiques, publicitaires et pour tout usage commercial, notamment l&rsquo;envoi de courriers \u00e9lectroniques non sollicit\u00e9s.<\/li>\n<\/ul>\n<p>LE PROPRI\u00c9TAIRE a le droit de retirer tous les commentaires et contributions qui violent le respect de la dignit\u00e9 de la personne, qui sont discriminatoires, x\u00e9nophobes, racistes, pornographiques, qui portent atteinte \u00e0 la jeunesse ou \u00e0 l&rsquo;enfance, \u00e0 l&rsquo;ordre ou \u00e0 la s\u00e9curit\u00e9 publique ou qui, \u00e0 son avis, ne sont pas adapt\u00e9 \u00e0 sa publication. Dans tous les cas, LE TITULAIRE ne sera pas responsable des opinions exprim\u00e9es par les utilisateurs via des forums, des chats ou d&rsquo;autres outils de participation.<\/p>\n<h4><b>Protection des donn\u00e9es<\/b><\/h4>\n<p>Tout ce qui concerne la politique de protection des donn\u00e9es est inclus dans le document de politique de confidentialit\u00e9 privacy.<\/p>\n<h4><b>Contenu. Propri\u00e9t\u00e9 intellectuelle et industrielle<\/b><\/h4>\n<p>LE PROPRI\u00c9TAIRE est titulaire de tous les droits de propri\u00e9t\u00e9 intellectuelle et industrielle de son site Internet, ainsi que des \u00e9l\u00e9ments qui y sont contenus (\u00e0 titre d&rsquo;exemple : images, photographies, sons, audio, vid\u00e9o, logiciels ou textes ; marques ou logos, combinaisons de couleurs, structure et conception, s\u00e9lection des mat\u00e9riaux utilis\u00e9s, programmes informatiques n\u00e9cessaires \u00e0 son fonctionnement, acc\u00e8s et utilisation, etc.), propri\u00e9t\u00e9 du PROPRI\u00c9TAIRE ou de ses conc\u00e9dants.<\/p>\n<p>Tous les droits sont r\u00e9serv\u00e9s. Conform\u00e9ment aux dispositions des articles 8 et 32.1, deuxi\u00e8me alin\u00e9a, de la loi sur la propri\u00e9t\u00e9 intellectuelle, la reproduction, la distribution et la communication publique, y compris le mode de mise \u00e0 disposition, de tout ou partie du contenu de cette page Web, \u00e0 des fins commerciales fins, sur tout support et par tout moyen technique, sans l&rsquo;autorisation du TITULAIRE.<\/p>\n<p>L&rsquo;UTILISATEUR s&rsquo;engage \u00e0 respecter les droits de Propri\u00e9t\u00e9 Intellectuelle et Industrielle d\u00e9tenus par HEADLINE. Vous pourrez visualiser les \u00e9l\u00e9ments du site CannabisClubSystems et m\u00eame les imprimer, les copier et les stocker sur le disque dur de votre ordinateur ou sur tout autre support physique tant que ce sera, uniquement et exclusivement, pour votre usage personnel et priv\u00e9. L&rsquo;UTILISATEUR ne peut pas supprimer, modifier, \u00e9luder ou manipuler tout dispositif de protection ou syst\u00e8me de s\u00e9curit\u00e9 install\u00e9 sur les pages du PROPRI\u00c9TAIRE.<\/p>\n<h4><b>Exclusion de garanties et de responsabilit\u00e9<\/b><\/h4>\n<p>L&rsquo;UTILISATEUR reconna\u00eet que l&rsquo;utilisation du site Internet et de ses contenus et services s&rsquo;effectue sous sa seule responsabilit\u00e9. Plus pr\u00e9cis\u00e9ment, \u00e0 titre d&rsquo;exemple, LE PROPRI\u00c9TAIRE n&rsquo;assume aucune responsabilit\u00e9 dans les domaines suivants\u00a0:<\/p>\n<ol>\n<li>La disponibilit\u00e9 dans le fonctionnement de la page Web, ses services et contenus et sa qualit\u00e9 ou son interop\u00e9rabilit\u00e9.<\/li>\n<li>Le but pour lequel la page Web sert les objectifs de l&rsquo;UTILISATEUR.<\/li>\n<li>Violation de la l\u00e9gislation en vigueur par l&rsquo;UTILISATEUR ou des tiers et, en particulier, des droits de propri\u00e9t\u00e9 intellectuelle ou industrielle d\u00e9tenus par d&rsquo;autres personnes ou entit\u00e9s.<\/li>\n<li>L&rsquo;existence d&rsquo;un code malveillant ou de tout autre \u00e9l\u00e9ment informatique nuisible qui pourrait endommager le syst\u00e8me informatique de l&rsquo;UTILISATEUR ou de tiers. Il est de la responsabilit\u00e9 de l&rsquo;UTILISATEUR, dans tous les cas, de disposer d&rsquo;outils ad\u00e9quats pour la d\u00e9tection et la d\u00e9sinfection de ces \u00e9l\u00e9ments.<\/li>\n<li>L&rsquo;acc\u00e8s frauduleux au contenu ou aux services par des tiers non autoris\u00e9s ou, le cas \u00e9ch\u00e9ant, la capture, la suppression, l&rsquo;alt\u00e9ration, la modification ou la manipulation de messages et de communications de toute nature que ces tiers pourraient effectuer.<\/li>\n<li>L&rsquo;exactitude, la v\u00e9racit\u00e9, l&rsquo;actualit\u00e9 et l&rsquo;utilit\u00e9 du contenu et des services propos\u00e9s et l&rsquo;utilisation ult\u00e9rieure que l&rsquo;UTILISATEUR en fait. LE TITULAIRE mettra tous les efforts et moyens raisonnables pour fournir des informations actualis\u00e9es et fiables.<\/li>\n<li>Les dommages caus\u00e9s au mat\u00e9riel informatique lors de l&rsquo;acc\u00e8s au site et les dommages caus\u00e9s aux UTILISATEURS lorsqu&rsquo;ils proviennent de pannes ou de d\u00e9connexions des r\u00e9seaux de t\u00e9l\u00e9communication qui interrompent le service.<\/li>\n<li>Pertes ou dommages r\u00e9sultant de circonstances caus\u00e9es par un cas fortuit ou de force majeure Dans le cas o\u00f9 il y a des forums, dans l&rsquo;utilisation du m\u00eame ou d&rsquo;autres espaces similaires, il doit \u00eatre pris en compte que, Les messages refl\u00e8tent uniquement l&rsquo;opinion de l&rsquo;UTILISATEUR qui les envoie, qui en est seul responsable. LE Le PROPRI\u00c9TAIRE n&rsquo;est pas responsable du contenu des messages envoy\u00e9s par l&rsquo;UTILISATEUR.<\/li>\n<\/ol>\n<p><b>Modification des pr\u00e9sentes mentions l\u00e9gales et dur\u00e9e<\/b><\/p>\n<p>LE TITULAIRE se r\u00e9serve le droit d&rsquo;apporter les modifications qu&rsquo;il jugera n\u00e9cessaires sans pr\u00e9avis.<\/p>\n<p>Appropri\u00e9 sur le site Web de CannabisClubSystems, pouvoir modifier, supprimer ou ajouter \u00e0 la fois le contenu et les services fournis par son interm\u00e9diaire ainsi que la mani\u00e8re dont ils apparaissent pr\u00e9sent\u00e9s ou localis\u00e9s sur le site Web de CannabisClubSystems.<\/p>\n<p>La validit\u00e9 des conditions susmentionn\u00e9es d\u00e9pendra de leur exposition et sera en vigueur jusqu&rsquo;\u00e0 ce qu&rsquo;elles soient modifi\u00e9es par d&rsquo;autres d\u00fbment publi\u00e9es.<\/p>\n<h4><b>Liens<\/b><\/h4>\n<p>Dans le cas o\u00f9 https:\/\/cannabisclub.systems\/ comprendrait des liens ou des hyperliens vers d&rsquo;autres sites Internet, LE TITULAIRE n&rsquo;exercera aucun type de contr\u00f4le sur lesdits sites et contenus. En aucun cas, LE TITULAIRE n&rsquo;assumera aucune responsabilit\u00e9 pour le contenu de tout lien appartenant \u00e0 un site Web d&rsquo;un autre, ni ne garantira la disponibilit\u00e9 technique, la qualit\u00e9, la fiabilit\u00e9, l&rsquo;exactitude, l&rsquo;\u00e9tendue, la v\u00e9racit\u00e9, la validit\u00e9 et la constitutionnalit\u00e9 de tout mat\u00e9riel ou information contenu dans ces hyperliens ou autres sites Internet. De m\u00eame, l&rsquo;inclusion de ces connexions externes n&rsquo;impliquera aucun type d&rsquo;association, de fusion ou de participation avec les entit\u00e9s connect\u00e9es.<\/p>\n<h4><b>Droit d&rsquo;exclusion<\/b><\/h4>\n<p>LE TITULAIRE se r\u00e9serve le droit de refuser ou de retirer l&rsquo;acc\u00e8s au site Internet de CannabisClubSystems et\/ou aux services propos\u00e9s sans avertissement pr\u00e9alable, \u00e0 sa propre demande ou \u00e0 celle d&rsquo;un tiers, aux Utilisateurs qui ne respecteraient pas le contenu. de cette notice l\u00e9gale.<\/p>\n<h4><b>G\u00e9n\u00e9ralit\u00e9s<\/b><\/h4>\n<p>LE TITULAIRE poursuivra la violation de ces conditions, ainsi que toute utilisation abusive du site Web de CannabisClubSystems, en exer\u00e7ant toutes les actions civiles et p\u00e9nales pouvant correspondre \u00e0 la loi.<\/p>\n<h4><b>Droit applicable et juridiction<\/b><\/h4>\n<p>La relation entre LE TITULAIRE et l&rsquo;UTILISATEUR sera r\u00e9gie par la r\u00e9glementation espagnole en vigueur. Tous les litiges et r\u00e9clamations d\u00e9coulant de la pr\u00e9sente notice l\u00e9gale seront r\u00e9solus par les cours et tribunaux comp\u00e9tents.<\/p>\n<p>Cette politique de cookies a \u00e9t\u00e9 mise \u00e0 jour le 1er d\u00e9cembre 2022 pour s&rsquo;adapter au r\u00e8glement (UE) 2016\/679 du Parlement europ\u00e9en et du Conseil du 27 avril 2016 relatif \u00e0 la protection des personnes physiques \u00e0 l&rsquo;\u00e9gard du traitement des donn\u00e9es \u00e0 caract\u00e8re personnel et \u00e0 la libre circulation de ces donn\u00e9es (RGPD).<\/p>\n\t\t<\/div>\n\t\t\t\t\t<\/div>\n\n\t\n<\/div>\n\t\t<\/div>\n\n\t\t\n<style>\n#section_1447871821 {\n  padding-top: 30px;\n  padding-bottom: 30px;\n  background-color: rgba(0, 0, 0, 0.866);\n}\n<\/style>\n\t<\/section>\n\t\n","protected":false},"excerpt":{"rendered":"","protected":false},"author":1,"featured_media":0,"parent":0,"menu_order":18,"comment_status":"closed","ping_status":"closed","template":"page-blank.php","meta":{"footnotes":""},"class_list":["post-4668","page","type-page","status-publish","hentry"],"yoast_head":"<!-- This site is optimized with the Yoast SEO plugin v27.4 - https:\/\/yoast.com\/product\/yoast-seo-wordpress\/ -->\n<title>Mentions l\u00e9gales - Cannabis Club Systems<\/title>\n<meta name=\"robots\" content=\"index, follow, max-snippet:-1, max-image-preview:large, max-video-preview:-1\" \/>\n<link rel=\"canonical\" href=\"https:\/\/cannabisclub.systems\/fr\/mentions-legales\/\" \/>\n<meta property=\"og:locale\" content=\"fr_FR\" \/>\n<meta property=\"og:type\" content=\"article\" \/>\n<meta property=\"og:title\" content=\"Mentions l\u00e9gales - Cannabis Club Systems\" \/>\n<meta property=\"og:url\" content=\"https:\/\/cannabisclub.systems\/fr\/mentions-legales\/\" \/>\n<meta property=\"og:site_name\" content=\"Cannabis Club Systems\" \/>\n<meta property=\"article:publisher\" content=\"https:\/\/www.facebook.com\/cclubsystems\" \/>\n<meta property=\"article:modified_time\" content=\"2023-03-28T05:43:50+00:00\" \/>\n<meta name=\"twitter:card\" content=\"summary_large_image\" \/>\n<script type=\"application\/ld+json\" class=\"yoast-schema-graph\">{\"@context\":\"https:\\\/\\\/schema.org\",\"@graph\":[{\"@type\":\"WebPage\",\"@id\":\"https:\\\/\\\/cannabisclub.systems\\\/fr\\\/mentions-legales\\\/\",\"url\":\"https:\\\/\\\/cannabisclub.systems\\\/fr\\\/mentions-legales\\\/\",\"name\":\"Mentions l\u00e9gales - Cannabis Club Systems\",\"isPartOf\":{\"@id\":\"https:\\\/\\\/cannabisclub.systems\\\/fr\\\/#website\"},\"datePublished\":\"2018-03-26T13:36:58+00:00\",\"dateModified\":\"2023-03-28T05:43:50+00:00\",\"inLanguage\":\"fr-FR\",\"potentialAction\":[{\"@type\":\"ReadAction\",\"target\":[\"https:\\\/\\\/cannabisclub.systems\\\/fr\\\/mentions-legales\\\/\"]}]},{\"@type\":\"WebSite\",\"@id\":\"https:\\\/\\\/cannabisclub.systems\\\/fr\\\/#website\",\"url\":\"https:\\\/\\\/cannabisclub.systems\\\/fr\\\/\",\"name\":\"Cannabis Club Systems\",\"description\":\"Soluciones para la Industria del Cannabis\",\"publisher\":{\"@id\":\"https:\\\/\\\/cannabisclub.systems\\\/fr\\\/#organization\"},\"alternateName\":\"CCS\",\"potentialAction\":[{\"@type\":\"SearchAction\",\"target\":{\"@type\":\"EntryPoint\",\"urlTemplate\":\"https:\\\/\\\/cannabisclub.systems\\\/fr\\\/?s={search_term_string}\"},\"query-input\":{\"@type\":\"PropertyValueSpecification\",\"valueRequired\":true,\"valueName\":\"search_term_string\"}}],\"inLanguage\":\"fr-FR\"},{\"@type\":\"Organization\",\"@id\":\"https:\\\/\\\/cannabisclub.systems\\\/fr\\\/#organization\",\"name\":\"Cannabis Club Systems\",\"url\":\"https:\\\/\\\/cannabisclub.systems\\\/fr\\\/\",\"logo\":{\"@type\":\"ImageObject\",\"inLanguage\":\"fr-FR\",\"@id\":\"https:\\\/\\\/cannabisclub.systems\\\/fr\\\/#\\\/schema\\\/logo\\\/image\\\/\",\"url\":\"https:\\\/\\\/cannabisclub.systems\\\/wp-content\\\/uploads\\\/2025\\\/04\\\/CCS-square.png\",\"contentUrl\":\"https:\\\/\\\/cannabisclub.systems\\\/wp-content\\\/uploads\\\/2025\\\/04\\\/CCS-square.png\",\"width\":800,\"height\":800,\"caption\":\"Cannabis Club Systems\"},\"image\":{\"@id\":\"https:\\\/\\\/cannabisclub.systems\\\/fr\\\/#\\\/schema\\\/logo\\\/image\\\/\"},\"sameAs\":[\"https:\\\/\\\/www.facebook.com\\\/cclubsystems\",\"https:\\\/\\\/www.linkedin.com\\\/company\\\/ccs-cannabis-club-systems-\\\/about\\\/\"]}]}<\/script>\n<!-- \/ Yoast SEO plugin. -->","yoast_head_json":{"title":"Mentions l\u00e9gales - Cannabis Club Systems","robots":{"index":"index","follow":"follow","max-snippet":"max-snippet:-1","max-image-preview":"max-image-preview:large","max-video-preview":"max-video-preview:-1"},"canonical":"https:\/\/cannabisclub.systems\/fr\/mentions-legales\/","og_locale":"fr_FR","og_type":"article","og_title":"Mentions l\u00e9gales - Cannabis Club Systems","og_url":"https:\/\/cannabisclub.systems\/fr\/mentions-legales\/","og_site_name":"Cannabis Club Systems","article_publisher":"https:\/\/www.facebook.com\/cclubsystems","article_modified_time":"2023-03-28T05:43:50+00:00","twitter_card":"summary_large_image","schema":{"@context":"https:\/\/schema.org","@graph":[{"@type":"WebPage","@id":"https:\/\/cannabisclub.systems\/fr\/mentions-legales\/","url":"https:\/\/cannabisclub.systems\/fr\/mentions-legales\/","name":"Mentions l\u00e9gales - Cannabis Club Systems","isPartOf":{"@id":"https:\/\/cannabisclub.systems\/fr\/#website"},"datePublished":"2018-03-26T13:36:58+00:00","dateModified":"2023-03-28T05:43:50+00:00","inLanguage":"fr-FR","potentialAction":[{"@type":"ReadAction","target":["https:\/\/cannabisclub.systems\/fr\/mentions-legales\/"]}]},{"@type":"WebSite","@id":"https:\/\/cannabisclub.systems\/fr\/#website","url":"https:\/\/cannabisclub.systems\/fr\/","name":"Cannabis Club Systems","description":"Soluciones para la Industria del Cannabis","publisher":{"@id":"https:\/\/cannabisclub.systems\/fr\/#organization"},"alternateName":"CCS","potentialAction":[{"@type":"SearchAction","target":{"@type":"EntryPoint","urlTemplate":"https:\/\/cannabisclub.systems\/fr\/?s={search_term_string}"},"query-input":{"@type":"PropertyValueSpecification","valueRequired":true,"valueName":"search_term_string"}}],"inLanguage":"fr-FR"},{"@type":"Organization","@id":"https:\/\/cannabisclub.systems\/fr\/#organization","name":"Cannabis Club Systems","url":"https:\/\/cannabisclub.systems\/fr\/","logo":{"@type":"ImageObject","inLanguage":"fr-FR","@id":"https:\/\/cannabisclub.systems\/fr\/#\/schema\/logo\/image\/","url":"https:\/\/cannabisclub.systems\/wp-content\/uploads\/2025\/04\/CCS-square.png","contentUrl":"https:\/\/cannabisclub.systems\/wp-content\/uploads\/2025\/04\/CCS-square.png","width":800,"height":800,"caption":"Cannabis Club Systems"},"image":{"@id":"https:\/\/cannabisclub.systems\/fr\/#\/schema\/logo\/image\/"},"sameAs":["https:\/\/www.facebook.com\/cclubsystems","https:\/\/www.linkedin.com\/company\/ccs-cannabis-club-systems-\/about\/"]}]}},"_links":{"self":[{"href":"https:\/\/cannabisclub.systems\/fr\/wp-json\/wp\/v2\/pages\/4668","targetHints":{"allow":["GET"]}}],"collection":[{"href":"https:\/\/cannabisclub.systems\/fr\/wp-json\/wp\/v2\/pages"}],"about":[{"href":"https:\/\/cannabisclub.systems\/fr\/wp-json\/wp\/v2\/types\/page"}],"author":[{"embeddable":true,"href":"https:\/\/cannabisclub.systems\/fr\/wp-json\/wp\/v2\/users\/1"}],"replies":[{"embeddable":true,"href":"https:\/\/cannabisclub.systems\/fr\/wp-json\/wp\/v2\/comments?post=4668"}],"version-history":[{"count":0,"href":"https:\/\/cannabisclub.systems\/fr\/wp-json\/wp\/v2\/pages\/4668\/revisions"}],"wp:attachment":[{"href":"https:\/\/cannabisclub.systems\/fr\/wp-json\/wp\/v2\/media?parent=4668"}],"curies":[{"name":"wp","href":"https:\/\/api.w.org\/{rel}","templated":true}]}}