{"id":4562,"date":"2018-03-26T15:36:25","date_gmt":"2018-03-26T13:36:25","guid":{"rendered":"https:\/\/cannabisclub.systems\/?page_id=4562"},"modified":"2023-03-28T07:44:47","modified_gmt":"2023-03-28T05:44:47","slug":"politica-sui-cookie","status":"publish","type":"page","link":"https:\/\/cannabisclub.systems\/it\/politica-sui-cookie\/","title":{"rendered":"Politica sui cookie"},"content":{"rendered":"\n\t<section class=\"section dark\" id=\"section_1514930954\">\n\t\t<div class=\"section-bg fill\" >\n\t\t\t\t\t\t\t\t\t\n\t\t\t\n\n\t\t<\/div>\n\n\t\t\n\n\t\t<div class=\"section-content relative\">\n\t\t\t\n<div class=\"row\"  id=\"row-1119148827\">\n\n\t<div id=\"col-1385996276\" class=\"col small-12 large-12\"  >\n\t\t\t\t<div class=\"col-inner\"  >\n\t\t\t\n\t\t\t\n\t<div id=\"text-2717882449\" class=\"text\">\n\t\t\n<h1 class=\"alt-font\"><span data-text-color=\"primary\">POLITICA <\/span> SUI COOKIE<\/h1>\n\t\t\n<style>\n#text-2717882449 {\n  font-size: 2rem;\n}\n<\/style>\n\t<\/div>\n\t\n\t\t<\/div>\n\t\t\t\t\t<\/div>\n\n\t\n\n\t<div id=\"col-779995027\" class=\"col small-12 large-12\"  >\n\t\t\t\t<div class=\"col-inner\"  >\n\t\t\t\n\t\t\t\n<h4 class=\"uppercase\"><strong>1. Utilizzo dei cookie<\/strong><\/h4>\n<p>Il sito web https:\/\/cannabisclub.systems\/ di propriet\u00e0 di Nefos Solutions Ltd con sede legale in 20 Harcourt St, Saint Kevin&#8217;s, Dublino 2, D02 PF99, Irlanda registrata presso l&#8217;Irish Companies Register con il numero di registrazione 575093 utilizza i cookie.<\/p>\n<p>I cookie sono file che vengono scaricati sul tuo computer quando accedi a determinate pagine web. I cookie consentono a una pagina Web, tra le altre cose, di archiviare e recuperare informazioni sulle abitudini di navigazione di un utente o del suo team e, a seconda delle informazioni che contengono e del modo in cui si utilizza la propria attrezzatura.<\/p>\n<p>Inoltre, migliorano il tuo processo di navigazione, poich\u00e9 consentono alla pagina web di offrire all&#8217;utente informazioni che potrebbero interessarti a seconda dell&#8217;uso che ne fai, il contenuto della stessa.<\/p>\n<p>Se non desideri ricevere cookie, configura il tuo browser Internet in modo da cancellarli dal disco rigido del tuo computer, bloccarli o avvisarti se sono installati. Per continuare senza modificare le impostazioni dei cookie, \u00e8 sufficiente continuare sul sito web.<\/p>\n<p>&nbsp;<\/p>\n<h4 class=\"uppercase\"><strong>2. Consenso<\/strong><\/h4>\n<p>I cookie che utilizziamo non memorizzano alcun dato personale, n\u00e9 alcun tipo di informazione che possa identificarti, a meno che tu non voglia registrarti, volontariamente per usufruire dei servizi che ti mettiamo a disposizione o per ricevere informazioni su promozioni e contenuti di tuo interesse a te.<\/p>\n<p>Alla prima navigazione comparir\u00e0 un banner esplicativo sull&#8217;uso dei cookie. Puoi accettare tutti i cookie o scegliere se accettare solo i cookie essenziali o tecnici, necessari per il corretto funzionamento del sito web; esclusi i cookie analitici e pubblicitari. Il presente Consenso \u00e8 valido per un periodo di 13 mesi. Se non sei d&#8217;accordo, puoi inviare un&#8217;e-mail a <a href=\"mailto:info.it@cannabisclub.systems\">info.it@cannabisclub.systems<\/a><\/p>\n<p>&nbsp;<\/p>\n<h4 class=\"uppercase\"><strong>3. Tipologie e finalit\u00e0 dei cookie<\/strong><\/h4>\n<p>I cookie, a seconda della loro permanenza, possono essere classificati in:<\/p>\n<ul>\n<li>Cookie persistenti: scadono in base al raggiungimento dello scopo per il quale sono utilizzati (ad esempio, affinch\u00e9 l&#8217;utente rimanga identificato sul sito e sui suoi servizi o quando vengono cancellati manualmente).<\/li>\n<\/ul>\n<p>A seconda del loro scopo, i cookie possono essere classificati come segue:<\/p>\n<ul>\n<li>Performance cookie (tecnici e di personalizzazione): questo tipo di cookie ricorda le tue preferenze per gli strumenti presenti nei servizi, quindi non devi riconfigurare il servizio ogni volta che visiti. A titolo esemplificativo, rientrano in questa tipologia: le regolazioni del volume dei lettori video o audio e le velocit\u00e0 di trasmissione video compatibili con il tuo browser.<\/li>\n<li>Cookie di geolocalizzazione: questi cookie vengono utilizzati per sapere in quale paese ti trovi quando viene richiesto un servizio. Questo cookie \u00e8 completamente anonimo e viene utilizzato solo per aiutare a indirizzare il contenuto alla sua posizione.<\/li>\n<li>Cookie di registrazione (tecnici e di personalizzazione): i cookie di registrazione vengono generati una volta che l&#8217;utente si \u00e8 registrato o ha successivamente aperto la sua sessione e sono utilizzati per identificarlo nei servizi con le seguenti finalit\u00e0:\n<ul>\n<li>Mantieni identificato l&#8217;Utente in modo che, se chiudi un servizio, il browser o il computer e in un altro momento o in un altro giorno entri nuovamente in detto servizio, continuerai ad essere identificato, facilitando cos\u00ec la tua navigazione senza doverti identificare nuovamente. Questa funzionalit\u00e0 pu\u00f2 essere eliminata se l&#8217;utente fa clic sulla funzionalit\u00e0 di &#8220;disconnessione&#8221;, in modo che questo cookie venga eliminato e la volta successiva che l&#8217;utente accede al servizio, l&#8217;utente dovr\u00e0 effettuare il login per essere identificato.<\/li>\n<li>Verificare se l&#8217;utente \u00e8 autorizzato ad accedere a determinati servizi, ad esempio per partecipare a un concorso.<\/li>\n<\/ul>\n<\/li>\n<li>Cookie analitici: ogni volta che un Utente visita un servizio o informazioni sul sito web o uno strumento di un fornitore esterno (Google Analytics, Comscore e simili che possono essere aggiunti a questo elenco nel caso in cui differiscano rispetto a quelli attuali) genera un cookie analitico sul computer dell&#8217;utente. Questo cookie, che viene generato solo durante la visita, verr\u00e0 utilizzato nelle future visite ai servizi del sito per identificare in modo anonimo il visitatore. I principali obiettivi che si perseguono sono:\n<ul>\n<li>Consentire l&#8217;identificazione anonima degli utenti naviganti attraverso il cookie (identifica browser e dispositivi, non persone) e quindi la contabilizzazione approssimativa del numero di visitatori e del loro andamento nel tempo.<\/li>\n<li>Identificare in modo anonimo i contenuti pi\u00f9 visitati e quindi pi\u00f9 attraenti per gli utenti.<\/li>\n<li>Sapere se l&#8217;utente che sta accedendo \u00e8 nuovo o ripete la visita. Importante: a meno che l&#8217;utente non decida di registrarsi a qualsiasi servizio o contenuto della pagina web, il cookie non sar\u00e0 mai associato a nessun dato personale che possa identificarti. Questi cookie verranno utilizzati solo a fini statistici che aiutano a ottimizzare l&#8217;esperienza dell&#8217;utente nella pagina Web.<\/li>\n<\/ul>\n<\/li>\n<\/ul>\n<p>Cookie pubblicitari propri: vengono utilizzati per gestire il proprietario della pagina Web se un utente ha visitato o meno la pubblicit\u00e0 che \u00e8 stata inclusa. Consentono inoltre la gestione degli spazi pubblicitari nella pagina memorizzando i dati del comportamento dell&#8217;Utente nella navigazione per poter offrire pubblicit\u00e0.<\/p>\n<p>Cookie pubblicitari di terze parti: oltre alla pubblicit\u00e0 gestita dal sito Web sui suoi contenuti o servizi, pu\u00f2 offrire ai suoi inserzionisti la possibilit\u00e0 di pubblicare annunci tramite terze parti (&#8220;AdServer&#8221;). In questo modo, queste terze parti possono memorizzare i cookie inviati dai contenuti della pagina Web provenienti dai browser degli Utenti, nonch\u00e9 accedere ai dati in essi memorizzati. Le societ\u00e0 che generano questi cookie hanno le proprie politiche sulla privacy.<\/p>\n<p>&nbsp;<\/p>\n<h4 class=\"uppercase\"><strong>4. Come bloccare o eliminare i cookie installati<\/strong><\/h4>\n<p>Puoi consentire, bloccare o eliminare i cookie installati sul tuo computer configurando le opzioni del tuo browser. Puoi trovare informazioni su come farlo, in relazione ai browser pi\u00f9 comuni, nei link che trovi di seguito:<\/p>\n<p>Explorer: <a href=\"https:\/\/support.microsoft.com\/es-es\/kb\/278835\">https:\/\/support.microsoft.com\/es-es\/kb\/278835<\/a><\/p>\n<p>Chrome: <a href=\"http:\/\/support.google.com\/chrome\/bin\/answer.py?hl=es&amp;answer=95647\">http:\/\/support.google.com\/chrome\/bin\/answer.py?hl=es&amp;answer=95647<\/a><\/p>\n<p>Firefox: <a href=\"https:\/\/support.mozilla.org\/es\/kb\/Borrar%20cookies\">https:\/\/support.mozilla.org\/es\/kb\/Borrar%20cookies<\/a><\/p>\n<p>Safari: <a href=\"http:\/\/support.apple.com\/kb\/ph5042\">http:\/\/support.apple.com\/kb\/ph5042<\/a><\/p>\n<p>&nbsp;<\/p>\n<h4 class=\"uppercase\"><strong>5. Modifiche<\/strong><\/h4>\n<p>Il sito web https:\/\/cannabisclub.systems\/ di propriet\u00e0 di Nefos Solutions Ltd con sede legale in 20 Harcourt St, Saint Kevin&#8217;s, Dublino 2, D02 PF99, Irlanda iscritta al Registro delle Imprese sul tomofolio, pu\u00f2 modificare la presente cookie policy in base a disposizioni di legge o al fine di adeguare tale politica alle istruzioni impartite dall&#8217;Agenzia spagnola per la protezione dei dati.<\/p>\n<p>Per questo consigliamo agli utenti di visitarlo periodicamente. Quando si verificano cambiamenti significativi nella presente politica sui cookie, saranno comunicati agli utenti tramite il Web o tramite e-mail agli utenti registrati.<\/p>\n<p>La presente cookie policy \u00e8 stata aggiornata il 1 gennaio 2020 per adeguarsi al Regolamento (UE) 2016\/679 del Parlamento Europeo e del Consiglio del 27 aprile 2016 relativo alla protezione delle persone con riguardo al trattamento dei dati personali, nonch\u00e9 alla libera circolazione di questi dati (GDPR)<\/p>\n\t\t<\/div>\n\t\t\t\t\t<\/div>\n\n\t\n<\/div>\n\t\t<\/div>\n\n\t\t\n<style>\n#section_1514930954 {\n  padding-top: 30px;\n  padding-bottom: 30px;\n  background-color: rgba(0, 0, 0, 0.866);\n}\n<\/style>\n\t<\/section>\n\t\n","protected":false},"excerpt":{"rendered":"","protected":false},"author":3,"featured_media":0,"parent":0,"menu_order":17,"comment_status":"closed","ping_status":"closed","template":"page-blank.php","meta":{"footnotes":""},"class_list":["post-4562","page","type-page","status-publish","hentry"],"yoast_head":"<!-- This site is optimized with the Yoast SEO plugin v27.4 - https:\/\/yoast.com\/product\/yoast-seo-wordpress\/ -->\n<title>Politica sui cookie - Cannabis Club Systems<\/title>\n<meta name=\"robots\" content=\"index, follow, max-snippet:-1, max-image-preview:large, max-video-preview:-1\" \/>\n<link rel=\"canonical\" href=\"https:\/\/cannabisclub.systems\/it\/politica-sui-cookie\/\" \/>\n<meta property=\"og:locale\" content=\"it_IT\" \/>\n<meta property=\"og:type\" content=\"article\" \/>\n<meta property=\"og:title\" content=\"Politica sui cookie - Cannabis Club Systems\" \/>\n<meta property=\"og:url\" content=\"https:\/\/cannabisclub.systems\/it\/politica-sui-cookie\/\" \/>\n<meta property=\"og:site_name\" content=\"Cannabis Club Systems\" \/>\n<meta property=\"article:publisher\" content=\"https:\/\/www.facebook.com\/cclubsystems\" \/>\n<meta property=\"article:modified_time\" content=\"2023-03-28T05:44:47+00:00\" \/>\n<meta name=\"twitter:card\" content=\"summary_large_image\" \/>\n<script type=\"application\/ld+json\" class=\"yoast-schema-graph\">{\"@context\":\"https:\\\/\\\/schema.org\",\"@graph\":[{\"@type\":\"WebPage\",\"@id\":\"https:\\\/\\\/cannabisclub.systems\\\/it\\\/politica-sui-cookie\\\/\",\"url\":\"https:\\\/\\\/cannabisclub.systems\\\/it\\\/politica-sui-cookie\\\/\",\"name\":\"Politica sui cookie - Cannabis Club Systems\",\"isPartOf\":{\"@id\":\"https:\\\/\\\/cannabisclub.systems\\\/it\\\/#website\"},\"datePublished\":\"2018-03-26T13:36:25+00:00\",\"dateModified\":\"2023-03-28T05:44:47+00:00\",\"inLanguage\":\"it-IT\",\"potentialAction\":[{\"@type\":\"ReadAction\",\"target\":[\"https:\\\/\\\/cannabisclub.systems\\\/it\\\/politica-sui-cookie\\\/\"]}]},{\"@type\":\"WebSite\",\"@id\":\"https:\\\/\\\/cannabisclub.systems\\\/it\\\/#website\",\"url\":\"https:\\\/\\\/cannabisclub.systems\\\/it\\\/\",\"name\":\"Cannabis Club Systems\",\"description\":\"Soluciones para la Industria del Cannabis\",\"publisher\":{\"@id\":\"https:\\\/\\\/cannabisclub.systems\\\/it\\\/#organization\"},\"alternateName\":\"CCS\",\"potentialAction\":[{\"@type\":\"SearchAction\",\"target\":{\"@type\":\"EntryPoint\",\"urlTemplate\":\"https:\\\/\\\/cannabisclub.systems\\\/it\\\/?s={search_term_string}\"},\"query-input\":{\"@type\":\"PropertyValueSpecification\",\"valueRequired\":true,\"valueName\":\"search_term_string\"}}],\"inLanguage\":\"it-IT\"},{\"@type\":\"Organization\",\"@id\":\"https:\\\/\\\/cannabisclub.systems\\\/it\\\/#organization\",\"name\":\"Cannabis Club Systems\",\"url\":\"https:\\\/\\\/cannabisclub.systems\\\/it\\\/\",\"logo\":{\"@type\":\"ImageObject\",\"inLanguage\":\"it-IT\",\"@id\":\"https:\\\/\\\/cannabisclub.systems\\\/it\\\/#\\\/schema\\\/logo\\\/image\\\/\",\"url\":\"https:\\\/\\\/cannabisclub.systems\\\/wp-content\\\/uploads\\\/2025\\\/04\\\/CCS-square.png\",\"contentUrl\":\"https:\\\/\\\/cannabisclub.systems\\\/wp-content\\\/uploads\\\/2025\\\/04\\\/CCS-square.png\",\"width\":800,\"height\":800,\"caption\":\"Cannabis Club Systems\"},\"image\":{\"@id\":\"https:\\\/\\\/cannabisclub.systems\\\/it\\\/#\\\/schema\\\/logo\\\/image\\\/\"},\"sameAs\":[\"https:\\\/\\\/www.facebook.com\\\/cclubsystems\",\"https:\\\/\\\/www.linkedin.com\\\/company\\\/ccs-cannabis-club-systems-\\\/about\\\/\"]}]}<\/script>\n<!-- \/ Yoast SEO plugin. -->","yoast_head_json":{"title":"Politica sui cookie - Cannabis Club Systems","robots":{"index":"index","follow":"follow","max-snippet":"max-snippet:-1","max-image-preview":"max-image-preview:large","max-video-preview":"max-video-preview:-1"},"canonical":"https:\/\/cannabisclub.systems\/it\/politica-sui-cookie\/","og_locale":"it_IT","og_type":"article","og_title":"Politica sui cookie - Cannabis Club Systems","og_url":"https:\/\/cannabisclub.systems\/it\/politica-sui-cookie\/","og_site_name":"Cannabis Club Systems","article_publisher":"https:\/\/www.facebook.com\/cclubsystems","article_modified_time":"2023-03-28T05:44:47+00:00","twitter_card":"summary_large_image","schema":{"@context":"https:\/\/schema.org","@graph":[{"@type":"WebPage","@id":"https:\/\/cannabisclub.systems\/it\/politica-sui-cookie\/","url":"https:\/\/cannabisclub.systems\/it\/politica-sui-cookie\/","name":"Politica sui cookie - Cannabis Club Systems","isPartOf":{"@id":"https:\/\/cannabisclub.systems\/it\/#website"},"datePublished":"2018-03-26T13:36:25+00:00","dateModified":"2023-03-28T05:44:47+00:00","inLanguage":"it-IT","potentialAction":[{"@type":"ReadAction","target":["https:\/\/cannabisclub.systems\/it\/politica-sui-cookie\/"]}]},{"@type":"WebSite","@id":"https:\/\/cannabisclub.systems\/it\/#website","url":"https:\/\/cannabisclub.systems\/it\/","name":"Cannabis Club Systems","description":"Soluciones para la Industria del Cannabis","publisher":{"@id":"https:\/\/cannabisclub.systems\/it\/#organization"},"alternateName":"CCS","potentialAction":[{"@type":"SearchAction","target":{"@type":"EntryPoint","urlTemplate":"https:\/\/cannabisclub.systems\/it\/?s={search_term_string}"},"query-input":{"@type":"PropertyValueSpecification","valueRequired":true,"valueName":"search_term_string"}}],"inLanguage":"it-IT"},{"@type":"Organization","@id":"https:\/\/cannabisclub.systems\/it\/#organization","name":"Cannabis Club Systems","url":"https:\/\/cannabisclub.systems\/it\/","logo":{"@type":"ImageObject","inLanguage":"it-IT","@id":"https:\/\/cannabisclub.systems\/it\/#\/schema\/logo\/image\/","url":"https:\/\/cannabisclub.systems\/wp-content\/uploads\/2025\/04\/CCS-square.png","contentUrl":"https:\/\/cannabisclub.systems\/wp-content\/uploads\/2025\/04\/CCS-square.png","width":800,"height":800,"caption":"Cannabis Club Systems"},"image":{"@id":"https:\/\/cannabisclub.systems\/it\/#\/schema\/logo\/image\/"},"sameAs":["https:\/\/www.facebook.com\/cclubsystems","https:\/\/www.linkedin.com\/company\/ccs-cannabis-club-systems-\/about\/"]}]}},"_links":{"self":[{"href":"https:\/\/cannabisclub.systems\/it\/wp-json\/wp\/v2\/pages\/4562","targetHints":{"allow":["GET"]}}],"collection":[{"href":"https:\/\/cannabisclub.systems\/it\/wp-json\/wp\/v2\/pages"}],"about":[{"href":"https:\/\/cannabisclub.systems\/it\/wp-json\/wp\/v2\/types\/page"}],"author":[{"embeddable":true,"href":"https:\/\/cannabisclub.systems\/it\/wp-json\/wp\/v2\/users\/3"}],"replies":[{"embeddable":true,"href":"https:\/\/cannabisclub.systems\/it\/wp-json\/wp\/v2\/comments?post=4562"}],"version-history":[{"count":0,"href":"https:\/\/cannabisclub.systems\/it\/wp-json\/wp\/v2\/pages\/4562\/revisions"}],"wp:attachment":[{"href":"https:\/\/cannabisclub.systems\/it\/wp-json\/wp\/v2\/media?parent=4562"}],"curies":[{"name":"wp","href":"https:\/\/api.w.org\/{rel}","templated":true}]}}